{"id":8,"date":"2019-11-12T16:05:08","date_gmt":"2019-11-12T16:05:08","guid":{"rendered":"http:\/\/depinguins.nl\/?page_id=8"},"modified":"2025-08-17T19:48:06","modified_gmt":"2025-08-17T17:48:06","slug":"contact","status":"publish","type":"page","link":"https:\/\/www.depinguins.nl\/index.php\/contact\/","title":{"rendered":"Contact"},"content":{"rendered":"\n<figure class=\"wp-block-table is-style-regular\"><table><tbody><tr><td><\/td><td><\/td><td><\/td><td><\/td><\/tr><tr><td>Voorzitter<\/td><td>Haaije Jorritsma<\/td><td><\/td><td><a href=\"mailto:bestuur.voorzitter@depinguins.nl\">bestuur.voorzitter@depinguins.nl<\/a><\/td><\/tr><tr><td>Secretaris <\/td><td><\/td><td><\/td><td><a href=\"mailto:bestuur.secretariaat@depinguins.nl\" target=\"_blank\" rel=\"noreferrer noopener\" aria-label=\"bestuur.secretariaat@depinguins.nl (opens in a new tab)\">bestuur.secretariaat@depinguins.nl<\/a><\/td><\/tr><tr><td>Ledenadministratie<\/td><td>Tjitske Brouwer<\/td><td><\/td><td><a href=\"mailto:bestuur.ledenadministratie@depinguins.nl\">bestuur.ledenadministratie@depinguins.nl<\/a><\/td><\/tr><tr><td>Penningmeester<\/td><td>Guus Weiss<\/td><td><\/td><td><a href=\"mailto:bestuur.penningmeester@depinguins.nl\">bestuur.penningmeester@depinguins.nl<\/a><\/td><\/tr><tr><td>Wedstrijdsecretaris\/ Communicatie &amp; Sponsoring<\/td><td>Wilger Poiesz<\/td><td><\/td><td><a href=\"https:\/\/v26066-2is.nl:8443\/smb\/email-address\/edit\/id\/279\">bestuur.wedstrijdsecretariaat@depinguins.nl<\/a><\/td><\/tr><tr><td>Activiteitenco\u00f6rdinator <\/td><td>Mieke Hoekstra<\/td><td><\/td><td> <a href=\"mailto:bestuur.activiteitencoordinator@depinguins.nl\">bestuur.activiteitencoordinator@depinguins.nl<\/a> <\/td><\/tr><tr><td>Trainersco\u00f6rdinator<\/td><td>Roelof Burghoorn<\/td><td><\/td><td><a href=\"mailto:bestuur.trainerscoordinator@depinguins.nl\">bestuur.trainerscoordinator@depinguins.nl<\/a><\/td><\/tr><\/tbody><\/table><\/figure>\n\n\n\n<p><\/p>\n\n\n\n<p><strong>Postadres <\/strong><\/p>\n\n\n\n<p>STG de Pingu\u00efns<\/p>\n\n\n\n<p>Fonterbuorren 26<\/p>\n\n\n\n<p>9011 XK Jirnsum<\/p>\n\n\n\n<p><strong>Bankrekening <\/strong><\/p>\n\n\n\n<p>NL12RABO 0330 742 388<\/p>\n","protected":false},"excerpt":{"rendered":"<p>Voorzitter Haaije Jorritsma bestuur.voorzitter@depinguins.nl Secretaris bestuur.secretariaat@depinguins.nl Ledenadministratie Tjitske Brouwer bestuur.ledenadministratie@depinguins.nl Penningmeester Guus Weiss bestuur.penningmeester@depinguins.nl Wedstrijdsecretaris\/ Communicatie &amp; Sponsoring Wilger Poiesz bestuur.wedstrijdsecretariaat@depinguins.nl Activiteitenco\u00f6rdinator Mieke Hoekstra bestuur.activiteitencoordinator@depinguins.nl Trainersco\u00f6rdinator Roelof Burghoorn bestuur.trainerscoordinator@depinguins.nl Postadres STG de Pingu\u00efns Fonterbuorren 26 9011 XK Jirnsum Bankrekening NL12RABO 0330 742 388<\/p>\n","protected":false},"author":1,"featured_media":0,"parent":0,"menu_order":0,"comment_status":"closed","ping_status":"closed","template":"","meta":{"footnotes":""},"class_list":["post-8","page","type-page","status-publish","hentry"],"_links":{"self":[{"href":"https:\/\/www.depinguins.nl\/index.php\/wp-json\/wp\/v2\/pages\/8","targetHints":{"allow":["GET"]}}],"collection":[{"href":"https:\/\/www.depinguins.nl\/index.php\/wp-json\/wp\/v2\/pages"}],"about":[{"href":"https:\/\/www.depinguins.nl\/index.php\/wp-json\/wp\/v2\/types\/page"}],"author":[{"embeddable":true,"href":"https:\/\/www.depinguins.nl\/index.php\/wp-json\/wp\/v2\/users\/1"}],"replies":[{"embeddable":true,"href":"https:\/\/www.depinguins.nl\/index.php\/wp-json\/wp\/v2\/comments?post=8"}],"version-history":[{"count":10,"href":"https:\/\/www.depinguins.nl\/index.php\/wp-json\/wp\/v2\/pages\/8\/revisions"}],"predecessor-version":[{"id":493,"href":"https:\/\/www.depinguins.nl\/index.php\/wp-json\/wp\/v2\/pages\/8\/revisions\/493"}],"wp:attachment":[{"href":"https:\/\/www.depinguins.nl\/index.php\/wp-json\/wp\/v2\/media?parent=8"}],"curies":[{"name":"wp","href":"https:\/\/api.w.org\/{rel}","templated":true}]}}